{"id":109,"date":"2026-01-16T03:49:38","date_gmt":"2026-01-16T03:49:38","guid":{"rendered":"https:\/\/new.spacafeskn.com\/wp\/?page_id=109"},"modified":"2026-01-22T12:32:48","modified_gmt":"2026-01-22T12:32:48","slug":"datenschutz","status":"publish","type":"page","link":"https:\/\/hb-repair.de\/?page_id=109","title":{"rendered":"Datenschutz"},"content":{"rendered":"\t\t<div data-elementor-type=\"wp-page\" data-elementor-id=\"109\" class=\"elementor elementor-109\" data-elementor-post-type=\"page\">\n\t\t\t\t<div class=\"elementor-element elementor-element-2dc91f8 e-flex e-con-boxed e-con e-parent\" data-id=\"2dc91f8\" data-element_type=\"container\" data-settings=\"{&quot;background_background&quot;:&quot;classic&quot;}\">\n\t\t\t\t\t<div class=\"e-con-inner\">\n\t\t\t\t<div class=\"elementor-element elementor-element-2b4c2d6 elementor-widget elementor-widget-heading\" data-id=\"2b4c2d6\" data-element_type=\"widget\" data-widget_type=\"heading.default\">\n\t\t\t\t<div class=\"elementor-widget-container\">\n\t\t\t\t\t<h2 class=\"elementor-heading-title elementor-size-default\">Datenschutz<\/h2>\t\t\t\t<\/div>\n\t\t\t\t<\/div>\n\t\t\t\t\t<\/div>\n\t\t\t\t<\/div>\n\t\t<div class=\"elementor-element elementor-element-6e98b78 e-flex e-con-boxed e-con e-parent\" data-id=\"6e98b78\" data-element_type=\"container\">\n\t\t\t\t\t<div class=\"e-con-inner\">\n\t\t\t\t<div class=\"elementor-element elementor-element-6059200 elementor-widget elementor-widget-text-editor\" data-id=\"6059200\" data-element_type=\"widget\" data-widget_type=\"text-editor.default\">\n\t\t\t\t<div class=\"elementor-widget-container\">\n\t\t\t\t\t\t\t\t\t<p>Datenschutzerkl\u00e4rung<br \/>1. Datenschutz auf einen Blick<\/p><p>Allgemeine Hinweise<br \/>Die folgenden Hinweise geben einen einfachen \u00dcberblick dar\u00fcber, was mit Ihren personenbezogenen Daten passiert, wenn Sie diese Website besuchen.<br \/>Personenbezogene Daten sind alle Daten, mit denen Sie pers\u00f6nlich identifiziert werden k\u00f6nnen.<\/p><p>Datenerfassung auf dieser Website<br \/>Die Datenverarbeitung auf dieser Website erfolgt durch den Websitebetreiber.<br \/>Dessen Kontaktdaten k\u00f6nnen Sie dem Impressum dieser Website entnehmen.<\/p><p>2. Verantwortlicher<\/p><p>Verantwortlich f\u00fcr die Datenverarbeitung auf dieser Website ist:<\/p><p>HB-Repair<br \/>Vertreten durch: Abdelkarim Sekkai<br \/>Berner Stra\u00dfe 18<br \/>60437 Frankfurt am Main<\/p><p>Telefon: 069 24751732<br \/>E-Mail: kontakt@hb-repair.de<\/p><p>3. Hosting<\/p><p>Diese Website wird bei STRATO gehostet.<\/p><p>Der Hosting-Anbieter erhebt und speichert automatisch Informationen in sogenannten Server-Log-Dateien, die Ihr Browser automatisch \u00fcbermittelt. Dies sind z. B.:<\/p><p>Browsertyp und Browserversion<\/p><p>verwendetes Betriebssystem<\/p><p>Referrer URL<\/p><p>Hostname des zugreifenden Rechners<\/p><p>Uhrzeit der Serveranfrage<\/p><p>IP-Adresse<\/p><p>Eine Zusammenf\u00fchrung dieser Daten mit anderen Datenquellen wird nicht vorgenommen.<br \/>Die Erfassung dieser Daten erfolgt auf Grundlage von Art. 6 Abs. 1 lit. f DSGVO (berechtigtes Interesse an technisch fehlerfreier Darstellung und Optimierung).<\/p><p>4. Content-Management-System (WordPress)<\/p><p>Diese Website nutzt WordPress als Content-Management-System.<\/p><p>WordPress selbst speichert keine personenbezogenen Daten, kann jedoch technisch bedingt Cookies setzen oder Logdaten erzeugen, die f\u00fcr den Betrieb der Website notwendig sind.<\/p><p>5. Kontaktformular<\/p><p>Wenn Sie uns per Kontaktformular Anfragen zukommen lassen, werden Ihre Angaben aus dem Formular inklusive der von Ihnen dort angegebenen Kontaktdaten zur Bearbeitung der Anfrage und f\u00fcr den Fall von Anschlussfragen gespeichert.<\/p><p>Diese Daten geben wir nicht ohne Ihre Einwilligung weiter.<\/p><p>Rechtsgrundlage:<br \/>Art. 6 Abs. 1 lit. b DSGVO (Vertrag oder vorvertragliche Ma\u00dfnahmen)<br \/>bzw. Art. 6 Abs. 1 lit. f DSGVO (berechtigtes Interesse an der Bearbeitung von Anfragen)<\/p><p>6. Cookies<\/p><p>Diese Website verwendet technisch notwendige Cookies.<br \/>Cookies richten auf Ihrem Rechner keinen Schaden an und enthalten keine Viren.<\/p><p>Cookies dienen dazu, unser Angebot nutzerfreundlicher und funktionaler zu machen.<br \/>Die meisten verwendeten Cookies sind sogenannte \u201eSession-Cookies\u201c, die nach Ende Ihres Besuchs automatisch gel\u00f6scht werden.<\/p><p>Rechtsgrundlage:<br \/>Art. 6 Abs. 1 lit. f DSGVO<\/p><p>7. Ihre Rechte<\/p><p>Sie haben jederzeit das Recht auf:<\/p><p>Auskunft \u00fcber Ihre gespeicherten personenbezogenen Daten<\/p><p>Berichtigung oder L\u00f6schung dieser Daten<\/p><p>Einschr\u00e4nkung der Verarbeitung<\/p><p>Widerspruch gegen die Verarbeitung<\/p><p>Daten\u00fcbertragbarkeit<\/p><p>Zudem haben Sie das Recht, sich bei einer zust\u00e4ndigen Datenschutzaufsichtsbeh\u00f6rde zu beschweren.<\/p><p>8. SSL- bzw. TLS-Verschl\u00fcsselung<\/p><p>Diese Seite nutzt aus Sicherheitsgr\u00fcnden und zum Schutz der \u00dcbertragung vertraulicher Inhalte eine SSL- bzw. TLS-Verschl\u00fcsselung.<br \/>Eine verschl\u00fcsselte Verbindung erkennen Sie an \u201ehttps:\/\/\u201c in der Adresszeile Ihres Browsers.<\/p><p>9. Aktualit\u00e4t und \u00c4nderung dieser Datenschutzerkl\u00e4rung<\/p><p>Diese Datenschutzerkl\u00e4rung ist aktuell g\u00fcltig und hat den Stand Januar 2026.<br \/>Durch die Weiterentwicklung unserer Website oder aufgrund ge\u00e4nderter gesetzlicher Vorgaben kann eine Anpassung erforderlich werden.<\/p>\t\t\t\t\t\t\t\t<\/div>\n\t\t\t\t<\/div>\n\t\t\t\t\t<\/div>\n\t\t\t\t<\/div>\n\t\t\t\t<\/div>\n\t\t","protected":false},"excerpt":{"rendered":"<p>Datenschutzerkl\u00e4rung1. Datenschutz auf einen Blick Allgemeine HinweiseDie folgenden Hinweise geben einen einfachen \u00dcberblick dar\u00fcber, was mit Ihren personenbezogenen Daten passiert, wenn Sie diese Website besuchen.Personenbezogene Daten sind alle Daten, mit denen Sie pers\u00f6nlich identifiziert werden k\u00f6nnen. Datenerfassung auf dieser WebsiteDie Datenverarbeitung auf dieser Website erfolgt durch den Websitebetreiber.Dessen Kontaktdaten k\u00f6nnen Sie dem Impressum dieser Website [&hellip;]<\/p>\n","protected":false},"author":1,"featured_media":0,"parent":0,"menu_order":0,"comment_status":"closed","ping_status":"closed","template":"","meta":{"footnotes":""},"class_list":["post-109","page","type-page","status-publish","hentry"],"_links":{"self":[{"href":"https:\/\/hb-repair.de\/index.php?rest_route=\/wp\/v2\/pages\/109","targetHints":{"allow":["GET"]}}],"collection":[{"href":"https:\/\/hb-repair.de\/index.php?rest_route=\/wp\/v2\/pages"}],"about":[{"href":"https:\/\/hb-repair.de\/index.php?rest_route=\/wp\/v2\/types\/page"}],"author":[{"embeddable":true,"href":"https:\/\/hb-repair.de\/index.php?rest_route=\/wp\/v2\/users\/1"}],"replies":[{"embeddable":true,"href":"https:\/\/hb-repair.de\/index.php?rest_route=%2Fwp%2Fv2%2Fcomments&post=109"}],"version-history":[{"count":4,"href":"https:\/\/hb-repair.de\/index.php?rest_route=\/wp\/v2\/pages\/109\/revisions"}],"predecessor-version":[{"id":154,"href":"https:\/\/hb-repair.de\/index.php?rest_route=\/wp\/v2\/pages\/109\/revisions\/154"}],"wp:attachment":[{"href":"https:\/\/hb-repair.de\/index.php?rest_route=%2Fwp%2Fv2%2Fmedia&parent=109"}],"curies":[{"name":"wp","href":"https:\/\/api.w.org\/{rel}","templated":true}]}}